{"id":1281,"date":"2021-04-06T12:54:54","date_gmt":"2021-04-06T12:54:54","guid":{"rendered":"https:\/\/rememchild.remigraid.org\/cookies-policy\/"},"modified":"2023-05-04T17:31:45","modified_gmt":"2023-05-04T17:31:45","slug":"cookies-policy","status":"publish","type":"page","link":"https:\/\/rememchild.remigraid.org\/en\/cookies-policy\/","title":{"rendered":"Cookies Policy"},"content":{"rendered":"\t\t<div data-elementor-type=\"wp-page\" data-elementor-id=\"1281\" class=\"elementor elementor-1281 elementor-531\" data-elementor-post-type=\"page\">\n\t\t\t\t\t\t<section class=\"elementor-section elementor-top-section elementor-element elementor-element-131542d elementor-section-boxed elementor-section-height-default elementor-section-height-default\" data-id=\"131542d\" data-element_type=\"section\" data-e-type=\"section\">\n\t\t\t\t\t\t<div class=\"elementor-container elementor-column-gap-default\">\n\t\t\t\t\t<div class=\"elementor-column elementor-col-100 elementor-top-column elementor-element elementor-element-d20f0ea\" data-id=\"d20f0ea\" data-element_type=\"column\" data-e-type=\"column\">\n\t\t\t<div class=\"elementor-widget-wrap elementor-element-populated\">\n\t\t\t\t\t\t<div class=\"elementor-element elementor-element-dbe08c3 elementor-widget elementor-widget-heading\" data-id=\"dbe08c3\" data-element_type=\"widget\" data-e-type=\"widget\" data-widget_type=\"heading.default\">\n\t\t\t\t<div class=\"elementor-widget-container\">\n\t\t\t\t\t<h2 class=\"elementor-heading-title elementor-size-default\">Cookies Policy<\/h2>\t\t\t\t<\/div>\n\t\t\t\t<\/div>\n\t\t\t\t\t<\/div>\n\t\t<\/div>\n\t\t\t\t\t<\/div>\n\t\t<\/section>\n\t\t\t\t<section class=\"elementor-section elementor-top-section elementor-element elementor-element-de6c0fa elementor-section-boxed elementor-section-height-default elementor-section-height-default\" data-id=\"de6c0fa\" data-element_type=\"section\" data-e-type=\"section\">\n\t\t\t\t\t\t<div class=\"elementor-container elementor-column-gap-default\">\n\t\t\t\t\t<div class=\"elementor-column elementor-col-100 elementor-top-column elementor-element elementor-element-acf3b35\" data-id=\"acf3b35\" data-element_type=\"column\" data-e-type=\"column\">\n\t\t\t<div class=\"elementor-widget-wrap elementor-element-populated\">\n\t\t\t\t\t\t<div class=\"elementor-element elementor-element-4aeb6e7 elementor-widget elementor-widget-text-editor\" data-id=\"4aeb6e7\" data-element_type=\"widget\" data-e-type=\"widget\" data-widget_type=\"text-editor.default\">\n\t\t\t\t<div class=\"elementor-widget-container\">\n\t\t\t\t\t\t\t\t\t<p class=\"p1\">En cumplimiento de la Ley 34\/2002, de 11 de julio, de Servicios de la Sociedad de la Informaci\u00f3n y Comercio Electr\u00f3nico le informamos de la utilizaci\u00f3n de cookies en www.migraid.org con el fin de facilitar y mejorar la navegaci\u00f3n a los usuarios, as\u00ed como con fines estad\u00edsticos de uso de nuestra web.<\/p>\n<p class=\"p2\"><b>\u00bfQu\u00e9 son las cookies?<\/b><\/p>\n<p class=\"p3\">Las cookies son peque\u00f1os archivos que algunas plataformas, como las p\u00e1ginas web, pueden instalar en su ordenador, smartphone, tableta o televisi\u00f3n conectada, al acceder a las mismas. Sus funciones pueden ser muy variadas: almacenar sus preferencias de navegaci\u00f3n, recopilar informaci\u00f3n estad\u00edstica, permitir ciertas funcionalidades t\u00e9cnicas, almacenar y recuperar informaci\u00f3n sobre los h\u00e1bitos de navegaci\u00f3n o preferencias de un usuario o de su equipo hasta el punto, en ocasiones, dependiendo de la informaci\u00f3n que contengan y de la forma en que utilice su equipo, de poder reconocerlo. Una cookie se almacena en un ordenador para personalizar y facilitar al m\u00e1ximo la navegaci\u00f3n del usuario. Las cookies se asocian \u00fanicamente a un usuario y su ordenador y no proporcionan referencias que permitan deducir datos personales del usuario. El usuario podr\u00e1 configurar su navegador para que notifique o rechace la instalaci\u00f3n de las cookies enviadas por el sitio web.<\/p>\n<p class=\"p3\">Las cookies son \u00fatiles por varios motivos. Desde un punto de vista t\u00e9cnico, permiten que las p\u00e1ginas web funcionen de forma m\u00e1s \u00e1gil y adaptada a las preferencias del usuario como, por ejemplo, almacenar su idioma o la moneda de su pa\u00eds. Adem\u00e1s, ayudan a los responsables de los sitios web a mejorar los servicios que ofrecen, gracias a la informaci\u00f3n estad\u00edstica que recogen a trav\u00e9s de ellas.<\/p>\n<p class=\"p4\"><b>\u00bfQu\u00e9 tipos de cookies usamos y para qu\u00e9?<\/b><\/p>\n<p class=\"p5\"><b>Cookies t\u00e9cnicas<\/b>: son necesarias para el funcionamiento de la web, almacenan informaci\u00f3n para hacer posible la navegaci\u00f3n.<\/p>\n<p class=\"p6\"><span class=\"s2\"><b>Cookies de configuraci\u00f3n o personalizaci\u00f3n<\/b><\/span> sirven para guardar configuraci\u00f3n personalizada del usuario en webs din\u00e1micas: color, dise\u00f1o, maquetaci\u00f3n, etc<span class=\"s2\">.<\/span><\/p>\n<p class=\"p5\"><b>Cookies de seguridad<\/b>: se utilizan para evitar ataques externos contra la web o los usuarios que naveguen en ella.<\/p>\n<p class=\"p5\"><b>Cookies anal\u00edticas<\/b>: son un tipo de cookies que sirven para recabar estad\u00edsticas sobre la actividad del usuario al visitar la p\u00e1gina web y la actividad general de la misma. La informaci\u00f3n recopilada es an\u00f3nima y permite optimizar la navegaci\u00f3n por nuestra p\u00e1gina web y garantizar el mejor servicio al usuario. El usuario puede excluir su actividad mediante los sistemas de exclusi\u00f3n facilitados por las herramientas anal\u00edticas.<\/p>\n<p class=\"p6\"><span class=\"s3\"><i>Proyecto MiGRAiD <\/i><\/span>puede utilizar las cookies con el objeto de obtener informaci\u00f3n acerca de la fecha y hora de la \u00faltima visita del usuario, medir algunos par\u00e1metros de tr\u00e1fico dentro del propio site y estimar el n\u00famero de visitas realizadas, de manera que podamos<b> <\/b>enfocar y ajustar los servicios y promociones de forma m\u00e1s efectiva.<span class=\"Apple-converted-space\">  <\/span>Normalmente los sitios Web utilizan las cookies para obtener informaci\u00f3n estad\u00edstica sobre sus p\u00e1ginas. Tenga en cuenta que recogemos datos sobre sus movimientos y uso de nuestra Web como datos estad\u00edsticos, no personales.<\/p>\n<p class=\"p1\">Terceros prestadores de servicios. Este sitio web utiliza Google Analytics, un servicio anal\u00edtico web prestado por Google, Inc., cuyo responsable del tratamiento en Europa es Google Ireland Ltd., con domicilio en <span class=\"s5\">Google Building Gordon House, 4 Barrow St, Dublin, D04 E5W5, Irlanda. <\/span>Seg\u00fan la pol\u00edtica de Privacidad de Google Analytics, \u00e9sta almacena las <i>cookies<\/i> en servidores ubicados en Estados Unidos y se compromete a no compartirla con terceros, excepto en los casos en los que sea necesario para el funcionamiento del sistema o cuando la ley obligue a tal efecto. Seg\u00fan Google no guarda su direcci\u00f3n IP. Google Inc. es una compa\u00f1\u00eda adherida al Acuerdo de Puerto Seguro que garantiza que todos los datos transferidos ser\u00e1n tratados con un nivel de protecci\u00f3n acorde a la normativa europea.<\/p>\n<p class=\"p1\">Puede consultar la pol\u00edtica de privacidad de Google en <a href=\"https:\/\/www.google.com\/intl\/es\/policies\/privacy\/archive\/20150501\/\">https:\/\/www.google.com\/intl\/es\/policies\/privacy\/archive\/20150501\/<\/a>. Si desea inhabilitar las cookies de Google Analytics puede descargar en su navegador la aplicaci\u00f3n <a href=\"https:\/\/chrome.google.com\/webstore\/detail\/google-analytics-opt-out\/fllaojicojecljbmefodhfapmkghcbnh?hl=es\">https:\/\/chrome.google.com\/webstore\/detail\/google-analytics-opt-out\/fllaojicojecljbmefodhfapmkghcbnh?hl=es<\/a>.<\/p>\n<p class=\"p1\"><span class=\"s6\"><i>Proyecto MiGRAiD <\/i><\/span><span class=\"s7\">no <\/span>se hace responsables ni del contenido ni de la veracidad de las pol\u00edticas de privacidad que puedan tener los terceros mencionados en esta pol\u00edtica de <i>cookies<\/i>.<\/p>\n<p class=\"p1\"><b>Configuraci\u00f3n de preferencias y deshabilitaci\u00f3n de cookies. <\/b>El usuario puede configurar su navegador para aceptar, o no, las cookies que recibe o para que el navegador le avise cuando un servidor quiera guardar una cookie o borrarlas de su ordenador. Los navegadores web son las herramientas encargadas de almacenar las <i>cookies<\/i> y desde este lugar debe efectuar su derecho a eliminaci\u00f3n o desactivaci\u00f3n de las mismas. <span class=\"s6\"><i>Proyecto MiGRAiD <\/i><\/span><span class=\"s7\">no <\/span>puede garantizar la correcta o incorrecta manipulaci\u00f3n de las <i>cookies<\/i> por parte de los mencionados navegadores<\/p>\n<p class=\"p1\">Puede encontrar las instrucciones en la configuraci\u00f3n de seguridad en su navegador Web. Ejemplos:<\/p>\n<p class=\"p4\">&#8211; Si utiliza Microsoft Internet Explorer, en la opci\u00f3n de men\u00fa Herramientas &gt; Opciones de Internet &gt; Privacidad &gt; Configuraci\u00f3n. <br \/>&#8211; Si utiliza Firefox, en la opci\u00f3n de men\u00fa Herramientas &gt; Opciones &gt; Privacidad &gt; Cookies. <br \/>&#8211; Si utiliza Google Chrome, en la opci\u00f3n de men\u00fa Configuraci\u00f3n &gt; Mostrar opciones avanzadas &gt; Privacidad &gt; Configuraci\u00f3n de contenido. <br \/>&#8211; Si utiliza Safari, en la opci\u00f3n de men\u00fa Preferencias &gt; Seguridad.<\/p>\n<p class=\"p1\">Puede hacer uso de la secci\u00f3n Ayuda que encontrar\u00e1 en la barra de herramientas de la mayor\u00eda de los navegadores para cambiar los ajustes de su ordenador, sin embargo, algunas de las caracter\u00edsticas de nuestros servicios online pueden no funcionar o pueden resultar m\u00e1s complicadas de acceder si rechaza todas las cookies.<\/p>\n<p class=\"p1\">Muchos navegadores permiten activar un modo privado mediante el cual las cookies se borran siempre despu\u00e9s de su visita. Dependiendo de cada navegador, este modo privado puede tener diferentes nombres, abajo puede encontrar una lista de los navegadores m\u00e1s comunes y los diferentes nombres de este &#8220;modo privado&#8221;:<\/p>\n<p class=\"p4\">&#8211; Internet Explorer 8 y superior: InPrivate <br \/>&#8211; FireFox 3.5 y superior: Navegaci\u00f3n Privada <br \/>&#8211; Google Chrome 10 y superior: Inc\u00f3gnito <br \/>&#8211; Safari 2 y superior: Navegaci\u00f3n Privada <br \/>&#8211; Opera 10.5 y superior: Navegaci\u00f3n Privada<\/p>\n<p class=\"p1\">Por favor, lea atentamente la secci\u00f3n de ayuda de su navegador para conocer m\u00e1s acerca de c\u00f3mo activar el &#8220;modo privado&#8221;. Podr\u00e1 seguir visitando nuestra Web aunque su navegador est\u00e9 en &#8220;modo privado&#8221;, no obstante, la experiencia de usuario puede no ser \u00f3ptima y algunas utilidades pueden no funcionar. En el caso de bloquear o no aceptar la instalaci\u00f3n de cookies es posible que ciertos servicios ofrecidos por nuestro sitio web que necesitan su uso queden deshabilitados y, por lo tanto, no est\u00e9n disponibles para usted por lo que no podr\u00e1 aprovechar por completo todo lo que nuestra web y aplicaciones le ofrecen. Es posible tambi\u00e9n que la calidad de funcionamiento de la p\u00e1gina web pueda disminuir.<\/p>\n<p class=\"p7\"><b>Aceptaci\u00f3n de Cookies. <\/b>Usted acepta la utilizaci\u00f3n de cookies para navegar por nuestra web despu\u00e9s de haberle informado sobre nuestra Pol\u00edtica de cookies. Al acceder a este sitio web o aplicaci\u00f3n por primera vez, ver\u00e1 una ventana o banner donde se le informa de la utilizaci\u00f3n de las cookies y donde puede consultar esta pol\u00edtica de cookies. Si usted consiente la utilizaci\u00f3n de cookies, \u00e9stas se instalar\u00e1n en su equipo o dispositivo. Adem\u00e1s, del uso de nuestras cookies propias, permitimos a terceros establecer cookies y acceder a ellas en su ordenador. Para cualquier consulta sobre el uso de cookies en nuestro sitio web puedes dirigirte al email:<span class=\"s8\"><a href=\"mailto:bdmigraid@gmail.com\"><span class=\"s9\">bdmigraid@gmail.com<\/span><\/a><\/span>.<b> <\/b><\/p>\n<p class=\"p9\"><b>Modificaci\u00f3n de las condiciones de uso<\/b><i> <\/i><span class=\"s6\"><i>Proyecto MiGRAiD <\/i><\/span>se reserva el derecho de desarrollar, modificar o actualizar en cualquier momento las condiciones de uso de la presente p\u00e1gina web por lo que el usuario deber\u00e1 leerlas peri\u00f3dicamente.<\/p>\n\t\t\t\t\t\t\t\t<\/div>\n\t\t\t\t<\/div>\n\t\t\t\t\t<\/div>\n\t\t<\/div>\n\t\t\t\t\t<\/div>\n\t\t<\/section>\n\t\t\t\t<\/div>\n\t\t","protected":false},"excerpt":{"rendered":"<p>Cookies Policy En cumplimiento de la Ley 34\/2002, de 11 de julio, de Servicios de la Sociedad de la Informaci\u00f3n y Comercio Electr\u00f3nico le informamos de la utilizaci\u00f3n de cookies&hellip;<\/p>\n","protected":false},"author":3,"featured_media":0,"parent":0,"menu_order":0,"comment_status":"closed","ping_status":"closed","template":"elementor_header_footer","meta":{"footnotes":""},"class_list":["post-1281","page","type-page","status-publish","hentry"],"yoast_head":"<!-- This site is optimized with the Yoast SEO plugin v27.1.1 - https:\/\/yoast.com\/product\/yoast-seo-wordpress\/ -->\n<title>Cookies Policy - REMEMCHILD<\/title>\n<meta name=\"robots\" content=\"index, follow, max-snippet:-1, max-image-preview:large, max-video-preview:-1\" \/>\n<link rel=\"canonical\" href=\"https:\/\/rememchild.remigraid.org\/en\/cookies-policy\/\" \/>\n<meta property=\"og:locale\" content=\"en_US\" \/>\n<meta property=\"og:type\" content=\"article\" \/>\n<meta property=\"og:title\" content=\"Cookies Policy - REMEMCHILD\" \/>\n<meta property=\"og:description\" content=\"Cookies Policy En cumplimiento de la Ley 34\/2002, de 11 de julio, de Servicios de la Sociedad de la Informaci\u00f3n y Comercio Electr\u00f3nico le informamos de la utilizaci\u00f3n de cookies&hellip;\" \/>\n<meta property=\"og:url\" content=\"https:\/\/rememchild.remigraid.org\/en\/cookies-policy\/\" \/>\n<meta property=\"og:site_name\" content=\"REMEMCHILD\" \/>\n<meta property=\"article:modified_time\" content=\"2023-05-04T17:31:45+00:00\" \/>\n<meta name=\"twitter:card\" content=\"summary_large_image\" \/>\n<meta name=\"twitter:label1\" content=\"Est. reading time\" \/>\n\t<meta name=\"twitter:data1\" content=\"7 minutes\" \/>\n<script type=\"application\/ld+json\" class=\"yoast-schema-graph\">{\"@context\":\"https:\/\/schema.org\",\"@graph\":[{\"@type\":\"WebPage\",\"@id\":\"https:\/\/rememchild.remigraid.org\/en\/cookies-policy\/\",\"url\":\"https:\/\/rememchild.remigraid.org\/en\/cookies-policy\/\",\"name\":\"Cookies Policy - REMEMCHILD\",\"isPartOf\":{\"@id\":\"https:\/\/rememchild.remigraid.org\/#website\"},\"datePublished\":\"2021-04-06T12:54:54+00:00\",\"dateModified\":\"2023-05-04T17:31:45+00:00\",\"breadcrumb\":{\"@id\":\"https:\/\/rememchild.remigraid.org\/en\/cookies-policy\/#breadcrumb\"},\"inLanguage\":\"en-US\",\"potentialAction\":[{\"@type\":\"ReadAction\",\"target\":[\"https:\/\/rememchild.remigraid.org\/en\/cookies-policy\/\"]}]},{\"@type\":\"BreadcrumbList\",\"@id\":\"https:\/\/rememchild.remigraid.org\/en\/cookies-policy\/#breadcrumb\",\"itemListElement\":[{\"@type\":\"ListItem\",\"position\":1,\"name\":\"Portada\",\"item\":\"https:\/\/rememchild.remigraid.org\/\"},{\"@type\":\"ListItem\",\"position\":2,\"name\":\"Cookies Policy\"}]},{\"@type\":\"WebSite\",\"@id\":\"https:\/\/rememchild.remigraid.org\/#website\",\"url\":\"https:\/\/rememchild.remigraid.org\/\",\"name\":\"REMEMCHILD\",\"description\":\"Remembering childhood in European Wartimes\",\"publisher\":{\"@id\":\"https:\/\/rememchild.remigraid.org\/#organization\"},\"potentialAction\":[{\"@type\":\"SearchAction\",\"target\":{\"@type\":\"EntryPoint\",\"urlTemplate\":\"https:\/\/rememchild.remigraid.org\/?s={search_term_string}\"},\"query-input\":{\"@type\":\"PropertyValueSpecification\",\"valueRequired\":true,\"valueName\":\"search_term_string\"}}],\"inLanguage\":\"en-US\"},{\"@type\":\"Organization\",\"@id\":\"https:\/\/rememchild.remigraid.org\/#organization\",\"name\":\"REMEMCHILD\",\"url\":\"https:\/\/rememchild.remigraid.org\/\",\"logo\":{\"@type\":\"ImageObject\",\"inLanguage\":\"en-US\",\"@id\":\"https:\/\/rememchild.remigraid.org\/#\/schema\/logo\/image\/\",\"url\":\"https:\/\/rememchild.remigraid.org\/wp-content\/uploads\/2021\/02\/rememchild-ico-logo-black.png\",\"contentUrl\":\"https:\/\/rememchild.remigraid.org\/wp-content\/uploads\/2021\/02\/rememchild-ico-logo-black.png\",\"width\":136,\"height\":140,\"caption\":\"REMEMCHILD\"},\"image\":{\"@id\":\"https:\/\/rememchild.remigraid.org\/#\/schema\/logo\/image\/\"}}]}<\/script>\n<!-- \/ Yoast SEO plugin. -->","yoast_head_json":{"title":"Cookies Policy - REMEMCHILD","robots":{"index":"index","follow":"follow","max-snippet":"max-snippet:-1","max-image-preview":"max-image-preview:large","max-video-preview":"max-video-preview:-1"},"canonical":"https:\/\/rememchild.remigraid.org\/en\/cookies-policy\/","og_locale":"en_US","og_type":"article","og_title":"Cookies Policy - REMEMCHILD","og_description":"Cookies Policy En cumplimiento de la Ley 34\/2002, de 11 de julio, de Servicios de la Sociedad de la Informaci\u00f3n y Comercio Electr\u00f3nico le informamos de la utilizaci\u00f3n de cookies&hellip;","og_url":"https:\/\/rememchild.remigraid.org\/en\/cookies-policy\/","og_site_name":"REMEMCHILD","article_modified_time":"2023-05-04T17:31:45+00:00","twitter_card":"summary_large_image","twitter_misc":{"Est. reading time":"7 minutes"},"schema":{"@context":"https:\/\/schema.org","@graph":[{"@type":"WebPage","@id":"https:\/\/rememchild.remigraid.org\/en\/cookies-policy\/","url":"https:\/\/rememchild.remigraid.org\/en\/cookies-policy\/","name":"Cookies Policy - REMEMCHILD","isPartOf":{"@id":"https:\/\/rememchild.remigraid.org\/#website"},"datePublished":"2021-04-06T12:54:54+00:00","dateModified":"2023-05-04T17:31:45+00:00","breadcrumb":{"@id":"https:\/\/rememchild.remigraid.org\/en\/cookies-policy\/#breadcrumb"},"inLanguage":"en-US","potentialAction":[{"@type":"ReadAction","target":["https:\/\/rememchild.remigraid.org\/en\/cookies-policy\/"]}]},{"@type":"BreadcrumbList","@id":"https:\/\/rememchild.remigraid.org\/en\/cookies-policy\/#breadcrumb","itemListElement":[{"@type":"ListItem","position":1,"name":"Portada","item":"https:\/\/rememchild.remigraid.org\/"},{"@type":"ListItem","position":2,"name":"Cookies Policy"}]},{"@type":"WebSite","@id":"https:\/\/rememchild.remigraid.org\/#website","url":"https:\/\/rememchild.remigraid.org\/","name":"REMEMCHILD","description":"Remembering childhood in European Wartimes","publisher":{"@id":"https:\/\/rememchild.remigraid.org\/#organization"},"potentialAction":[{"@type":"SearchAction","target":{"@type":"EntryPoint","urlTemplate":"https:\/\/rememchild.remigraid.org\/?s={search_term_string}"},"query-input":{"@type":"PropertyValueSpecification","valueRequired":true,"valueName":"search_term_string"}}],"inLanguage":"en-US"},{"@type":"Organization","@id":"https:\/\/rememchild.remigraid.org\/#organization","name":"REMEMCHILD","url":"https:\/\/rememchild.remigraid.org\/","logo":{"@type":"ImageObject","inLanguage":"en-US","@id":"https:\/\/rememchild.remigraid.org\/#\/schema\/logo\/image\/","url":"https:\/\/rememchild.remigraid.org\/wp-content\/uploads\/2021\/02\/rememchild-ico-logo-black.png","contentUrl":"https:\/\/rememchild.remigraid.org\/wp-content\/uploads\/2021\/02\/rememchild-ico-logo-black.png","width":136,"height":140,"caption":"REMEMCHILD"},"image":{"@id":"https:\/\/rememchild.remigraid.org\/#\/schema\/logo\/image\/"}}]}},"_links":{"self":[{"href":"https:\/\/rememchild.remigraid.org\/en\/wp-json\/wp\/v2\/pages\/1281","targetHints":{"allow":["GET"]}}],"collection":[{"href":"https:\/\/rememchild.remigraid.org\/en\/wp-json\/wp\/v2\/pages"}],"about":[{"href":"https:\/\/rememchild.remigraid.org\/en\/wp-json\/wp\/v2\/types\/page"}],"author":[{"embeddable":true,"href":"https:\/\/rememchild.remigraid.org\/en\/wp-json\/wp\/v2\/users\/3"}],"replies":[{"embeddable":true,"href":"https:\/\/rememchild.remigraid.org\/en\/wp-json\/wp\/v2\/comments?post=1281"}],"version-history":[{"count":1,"href":"https:\/\/rememchild.remigraid.org\/en\/wp-json\/wp\/v2\/pages\/1281\/revisions"}],"predecessor-version":[{"id":1282,"href":"https:\/\/rememchild.remigraid.org\/en\/wp-json\/wp\/v2\/pages\/1281\/revisions\/1282"}],"wp:attachment":[{"href":"https:\/\/rememchild.remigraid.org\/en\/wp-json\/wp\/v2\/media?parent=1281"}],"curies":[{"name":"wp","href":"https:\/\/api.w.org\/{rel}","templated":true}]}}